{"id":4754,"date":"2022-10-26T11:22:10","date_gmt":"2022-10-26T11:22:10","guid":{"rendered":"https:\/\/pensiuneacasahumor.ro\/?page_id=4754"},"modified":"2022-11-01T14:00:08","modified_gmt":"2022-11-01T14:00:08","slug":"politica-de-preluare-si-prelucrare-a-datelor-personale-ale-clientilor","status":"publish","type":"page","link":"https:\/\/pensiuneacasahumor.ro\/en\/politica-de-preluare-si-prelucrare-a-datelor-personale-ale-clientilor\/","title":{"rendered":"Politica de preluare \u0219i prelucrare a datelor personale ale clien\u021bilor"},"content":{"rendered":"<div id='av_section_1'  class='avia-section av-3kjl6a-aae649498230076562affaad9ea17dc6 main_color avia-section-default avia-no-border-styling  avia-builder-el-0  avia-builder-el-no-sibling  avia-bg-style-scroll container_wrap fullsize'  ><div class='container av-section-cont-open' ><main  role=\"main\" itemprop=\"mainContentOfPage\"  class='template-page content  av-content-full alpha units'><div class='post-entry post-entry-type-page post-entry-4754'><div class='entry-content-wrapper clearfix'>\n<div class='flex_column av-bd9lu-f22b6351e9f635fd0985f2445c7d4769 av_one_full  avia-builder-el-1  avia-builder-el-no-sibling  first flex_column_div'   ><section  class='av_textblock_section av-l9seiecp-71b63cf0db47b4b9ddc5533ec4cef375'  itemscope=\"itemscope\" itemtype=\"https:\/\/schema.org\/CreativeWork\" ><div class='avia_textblock'  itemprop=\"text\" ><h3>Politica de preluare \u0219i prelucrare a datelor personale ale clien\u021bilor<\/h3>\n<\/div><\/section><br \/>\n<section  class='av_textblock_section av-l9pjqlr7-8ec798572ca9c294b1a582451cfc40e9'  itemscope=\"itemscope\" itemtype=\"https:\/\/schema.org\/CreativeWork\" ><div class='avia_textblock'  itemprop=\"text\" ><p>SC. FORESTUNG SRL prelucreaz\u0103 datele cu caracter personal furnizate de dumneavoastr\u0103 prin acest document -contract conform cerin\u021belor Legii nr. 677\/2001 pentru protec\u021bia persoanelor cu privire la prelucrarea datelor cu caracter personal \u0219i libera circula\u021bie a acestor date, modificat\u0103 \u0219i completat\u0103 de Legea nr. 506\/2004 privind prelucrarea datelor cu caracter personal \u0219i protec\u021bia vie\u021bii private \u00een sectorul comunica\u021biilor electronice.<\/p>\n<p>Scopul colect\u0103rii datelor este acela de a le folosi pentru \u00eenregistrarea dumneavoastr\u0103 ca \u0219i client al Hotelului nostru , pentru a valida garan\u021bia financiar\u0103 furnizat\u0103 \u0219i pentru a v\u0103\u00a0\u00eentocmi la cerere un document de \u00eencasare nominal.<\/p>\n<p>Datele sau fotografiile dumneavoastr\u0103 nu vor fi prezentate sau transferate vreunui alt ter\u021b dec\u00e2t celor \u00eemputernici\u021bi \u0219i declara\u021bi Autorit\u0103\u021bii de supraveghere \u00een domeniu. Datele dumnevoastr\u0103 nu vor fi folosite \u00een scop de marketing sau publicitate dar vor putea fi stocate \u00een baza noastr\u0103 de date.<\/p>\n<p>Ave\u021bi dreptul s\u0103 v\u0103 opune\u021bi prelucr\u0103rii \u0219i stoc\u0103rii datelor personale \u0219i s\u0103 solicita\u021bi eliminarea acestora din baza noastr\u0103 de date.<\/p>\n<\/div><\/section><br \/>\n<div  class='avia-button-wrap avia-button-right  avia-builder-el-4  el_after_av_textblock  avia-builder-el-last' >\n<style type=\"text\/css\" data-created_by=\"avia_inline_auto\" id=\"style-css-av-l9sekaat-b10fe301a5a12fb0915c1f14680cbd46\">\n#top #wrap_all .avia-button.av-l9sekaat-b10fe301a5a12fb0915c1f14680cbd46{\nbackground-color:#19403f;\nborder-color:#19403f;\ncolor:#ffffff;\nborder-style:solid;\nborder-width:3px 3px 3px 3px;\nborder-radius:0px 0px 0px 0px;\n-webkit-border-radius:0px 0px 0px 0px;\n-moz-border-radius:0px 0px 0px 0px;\ntransition:all 0.4s ease-in-out;\n-webkit-transition:all 0.4s ease-in-out;\n-moz-transition:all 0.4s ease-in-out;\n-ms-transition:all 0.4s ease-in-out;\n-o-transition:all 0.4s ease-in-out;\n}\n#top #wrap_all .avia-button.av-l9sekaat-b10fe301a5a12fb0915c1f14680cbd46:hover{\nbackground-color:#faf8f3;\ncolor:#19403f;\ntransition:all 0.4s ease-in-out;\n-webkit-transition:all 0.4s ease-in-out;\n-moz-transition:all 0.4s ease-in-out;\n-ms-transition:all 0.4s ease-in-out;\n-o-transition:all 0.4s ease-in-out;\n}\n#top #wrap_all.avia-button.av-l9sekaat-b10fe301a5a12fb0915c1f14680cbd46:hover .avia_button_background{\nborder-radius:0px 0px 0px 0px;\n-webkit-border-radius:0px 0px 0px 0px;\n-moz-border-radius:0px 0px 0px 0px;\n}\n<\/style>\n<a href=''  class='avia-button av-l9sekaat-b10fe301a5a12fb0915c1f14680cbd46 avia-icon_select-no avia-size-large avia-position-right' ><span class='avia_iconbox_title' >\u00cenapoi<\/span><\/a><\/div><\/p><\/div>","protected":false},"excerpt":{"rendered":"","protected":false},"author":1,"featured_media":0,"parent":0,"menu_order":0,"comment_status":"closed","ping_status":"closed","template":"","meta":{"footnotes":""},"class_list":["post-4754","page","type-page","status-publish","hentry"],"yoast_head":"<!-- This site is optimized with the Yoast SEO Premium plugin v27.1 (Yoast SEO v27.4) - https:\/\/yoast.com\/product\/yoast-seo-premium-wordpress\/ -->\n<title>Politica de preluare \u0219i prelucrare a datelor personale ale clien\u021bilor - Casa Humor<\/title>\n<meta name=\"robots\" content=\"index, follow, max-snippet:-1, max-image-preview:large, max-video-preview:-1\" \/>\n<link rel=\"canonical\" href=\"https:\/\/pensiuneacasahumor.ro\/en\/politica-de-preluare-si-prelucrare-a-datelor-personale-ale-clientilor\/\" \/>\n<meta property=\"og:locale\" content=\"en_US\" \/>\n<meta property=\"og:type\" content=\"article\" \/>\n<meta property=\"og:title\" content=\"Politica de preluare \u0219i prelucrare a datelor personale ale clien\u021bilor\" \/>\n<meta property=\"og:url\" content=\"https:\/\/pensiuneacasahumor.ro\/en\/politica-de-preluare-si-prelucrare-a-datelor-personale-ale-clientilor\/\" \/>\n<meta property=\"og:site_name\" content=\"Casa Humor\" \/>\n<meta property=\"article:publisher\" content=\"https:\/\/www.facebook.com\/casahumor.ro\" \/>\n<meta property=\"article:modified_time\" content=\"2022-11-01T14:00:08+00:00\" \/>\n<meta name=\"twitter:card\" content=\"summary_large_image\" \/>\n<meta name=\"twitter:label1\" content=\"Est. reading time\" \/>\n\t<meta name=\"twitter:data1\" content=\"3 minutes\" \/>\n<script type=\"application\/ld+json\" class=\"yoast-schema-graph\">{\"@context\":\"https:\\\/\\\/schema.org\",\"@graph\":[{\"@type\":\"WebPage\",\"@id\":\"https:\\\/\\\/pensiuneacasahumor.ro\\\/politica-de-preluare-si-prelucrare-a-datelor-personale-ale-clientilor\\\/\",\"url\":\"https:\\\/\\\/pensiuneacasahumor.ro\\\/politica-de-preluare-si-prelucrare-a-datelor-personale-ale-clientilor\\\/\",\"name\":\"Politica de preluare \u0219i prelucrare a datelor personale ale clien\u021bilor - Casa Humor\",\"isPartOf\":{\"@id\":\"https:\\\/\\\/pensiuneacasahumor.ro\\\/#website\"},\"datePublished\":\"2022-10-26T11:22:10+00:00\",\"dateModified\":\"2022-11-01T14:00:08+00:00\",\"breadcrumb\":{\"@id\":\"https:\\\/\\\/pensiuneacasahumor.ro\\\/politica-de-preluare-si-prelucrare-a-datelor-personale-ale-clientilor\\\/#breadcrumb\"},\"inLanguage\":\"en-US\",\"potentialAction\":[{\"@type\":\"ReadAction\",\"target\":[\"https:\\\/\\\/pensiuneacasahumor.ro\\\/politica-de-preluare-si-prelucrare-a-datelor-personale-ale-clientilor\\\/\"]}]},{\"@type\":\"BreadcrumbList\",\"@id\":\"https:\\\/\\\/pensiuneacasahumor.ro\\\/politica-de-preluare-si-prelucrare-a-datelor-personale-ale-clientilor\\\/#breadcrumb\",\"itemListElement\":[{\"@type\":\"ListItem\",\"position\":1,\"name\":\"Home\",\"item\":\"https:\\\/\\\/pensiuneacasahumor.ro\\\/\"},{\"@type\":\"ListItem\",\"position\":2,\"name\":\"Politica de preluare \u0219i prelucrare a datelor personale ale clien\u021bilor\"}]},{\"@type\":\"WebSite\",\"@id\":\"https:\\\/\\\/pensiuneacasahumor.ro\\\/#website\",\"url\":\"https:\\\/\\\/pensiuneacasahumor.ro\\\/\",\"name\":\"Casa Humor\",\"description\":\"Casa Ta \u00een Bucovina\",\"alternateName\":\"Casa Ta \u00een Bucovina\",\"potentialAction\":[{\"@type\":\"SearchAction\",\"target\":{\"@type\":\"EntryPoint\",\"urlTemplate\":\"https:\\\/\\\/pensiuneacasahumor.ro\\\/?s={search_term_string}\"},\"query-input\":{\"@type\":\"PropertyValueSpecification\",\"valueRequired\":true,\"valueName\":\"search_term_string\"}}],\"inLanguage\":\"en-US\"}]}<\/script>\n<!-- \/ Yoast SEO Premium plugin. -->","yoast_head_json":{"title":"Politica de preluare \u0219i prelucrare a datelor personale ale clien\u021bilor - Casa Humor","robots":{"index":"index","follow":"follow","max-snippet":"max-snippet:-1","max-image-preview":"max-image-preview:large","max-video-preview":"max-video-preview:-1"},"canonical":"https:\/\/pensiuneacasahumor.ro\/en\/politica-de-preluare-si-prelucrare-a-datelor-personale-ale-clientilor\/","og_locale":"en_US","og_type":"article","og_title":"Politica de preluare \u0219i prelucrare a datelor personale ale clien\u021bilor","og_url":"https:\/\/pensiuneacasahumor.ro\/en\/politica-de-preluare-si-prelucrare-a-datelor-personale-ale-clientilor\/","og_site_name":"Casa Humor","article_publisher":"https:\/\/www.facebook.com\/casahumor.ro","article_modified_time":"2022-11-01T14:00:08+00:00","twitter_card":"summary_large_image","twitter_misc":{"Est. reading time":"3 minutes"},"schema":{"@context":"https:\/\/schema.org","@graph":[{"@type":"WebPage","@id":"https:\/\/pensiuneacasahumor.ro\/politica-de-preluare-si-prelucrare-a-datelor-personale-ale-clientilor\/","url":"https:\/\/pensiuneacasahumor.ro\/politica-de-preluare-si-prelucrare-a-datelor-personale-ale-clientilor\/","name":"Politica de preluare \u0219i prelucrare a datelor personale ale clien\u021bilor - Casa Humor","isPartOf":{"@id":"https:\/\/pensiuneacasahumor.ro\/#website"},"datePublished":"2022-10-26T11:22:10+00:00","dateModified":"2022-11-01T14:00:08+00:00","breadcrumb":{"@id":"https:\/\/pensiuneacasahumor.ro\/politica-de-preluare-si-prelucrare-a-datelor-personale-ale-clientilor\/#breadcrumb"},"inLanguage":"en-US","potentialAction":[{"@type":"ReadAction","target":["https:\/\/pensiuneacasahumor.ro\/politica-de-preluare-si-prelucrare-a-datelor-personale-ale-clientilor\/"]}]},{"@type":"BreadcrumbList","@id":"https:\/\/pensiuneacasahumor.ro\/politica-de-preluare-si-prelucrare-a-datelor-personale-ale-clientilor\/#breadcrumb","itemListElement":[{"@type":"ListItem","position":1,"name":"Home","item":"https:\/\/pensiuneacasahumor.ro\/"},{"@type":"ListItem","position":2,"name":"Politica de preluare \u0219i prelucrare a datelor personale ale clien\u021bilor"}]},{"@type":"WebSite","@id":"https:\/\/pensiuneacasahumor.ro\/#website","url":"https:\/\/pensiuneacasahumor.ro\/","name":"Casa Humor","description":"Your Home in Bucovina","alternateName":"Casa Ta \u00een Bucovina","potentialAction":[{"@type":"SearchAction","target":{"@type":"EntryPoint","urlTemplate":"https:\/\/pensiuneacasahumor.ro\/?s={search_term_string}"},"query-input":{"@type":"PropertyValueSpecification","valueRequired":true,"valueName":"search_term_string"}}],"inLanguage":"en-US"}]}},"_links":{"self":[{"href":"https:\/\/pensiuneacasahumor.ro\/en\/wp-json\/wp\/v2\/pages\/4754","targetHints":{"allow":["GET"]}}],"collection":[{"href":"https:\/\/pensiuneacasahumor.ro\/en\/wp-json\/wp\/v2\/pages"}],"about":[{"href":"https:\/\/pensiuneacasahumor.ro\/en\/wp-json\/wp\/v2\/types\/page"}],"author":[{"embeddable":true,"href":"https:\/\/pensiuneacasahumor.ro\/en\/wp-json\/wp\/v2\/users\/1"}],"replies":[{"embeddable":true,"href":"https:\/\/pensiuneacasahumor.ro\/en\/wp-json\/wp\/v2\/comments?post=4754"}],"version-history":[{"count":11,"href":"https:\/\/pensiuneacasahumor.ro\/en\/wp-json\/wp\/v2\/pages\/4754\/revisions"}],"predecessor-version":[{"id":5265,"href":"https:\/\/pensiuneacasahumor.ro\/en\/wp-json\/wp\/v2\/pages\/4754\/revisions\/5265"}],"wp:attachment":[{"href":"https:\/\/pensiuneacasahumor.ro\/en\/wp-json\/wp\/v2\/media?parent=4754"}],"curies":[{"name":"wp","href":"https:\/\/api.w.org\/{rel}","templated":true}]}}