{"id":4088,"date":"2022-10-03T14:37:52","date_gmt":"2022-10-03T14:37:52","guid":{"rendered":"https:\/\/pensiuneacasahumor.ro\/?page_id=4088"},"modified":"2024-11-19T09:36:35","modified_gmt":"2024-11-19T09:36:35","slug":"rezerva-suita-decomandata","status":"publish","type":"page","link":"https:\/\/pensiuneacasahumor.ro\/en\/rezerva-suita-decomandata\/","title":{"rendered":"Rezerv\u0103 Suit\u0103 Decomandat\u0103"},"content":{"rendered":"<div id='fullscreen_slider_1'  class='avia-fullscreen-slider main_color   avia-builder-el-0  el_before_av_section  avia-builder-el-first   container_wrap fullsize'  ><div   data-size='extra_large'  data-lightbox_size='large'  data-animation='slide'  data-conditional_play=''  data-ids='5855'  data-video_counter='0'  data-autoplay='false'  data-bg_slider='true'  data-slide_height='100'  data-handle='av_fullscreen'  data-interval='5'  data-class=' '  data-el_id=''  data-css_id='fullscreen_slider_1'  data-scroll_down=''  data-control_layout='av-control-default'  data-custom_markup=''  data-perma_caption=''  data-autoplay_stopper=''  data-image_attachment=''  data-min_height='0px'  data-lazy_loading='disabled'  data-stretch=''  data-img_scrset=''  data-default-height='100'  class='avia-slideshow avia-slideshow-1  av-control-default av-default-height-applied avia-slideshow-extra_large av_fullscreen   avia-slide-slider'  itemprop=\"image\" itemscope=\"itemscope\" itemtype=\"https:\/\/schema.org\/ImageObject\" ><ul class='avia-slideshow-inner' style='padding-bottom: 66.733333333333%;' ><li style='background-position:center center;' data-img-url='https:\/\/pensiuneacasahumor.ro\/wp-content\/uploads\/2022\/11\/D72_2366-1536x1025-1-1500x1001.jpg' class='av-single-slide slide-1' ><div data-rel='slideshow-1' class='avia-slide-wrap'   ><\/div><\/li><\/ul><\/div><\/div>\n<div id='av_section_1'  class='avia-section av-6yi07s-5cad9440180582dd5b1b7f17dffc8cf9 main_color avia-section-small avia-no-border-styling  avia-builder-el-1  el_after_av_fullscreen  el_before_av_section  av-small-hide av-mini-hide avia-bg-style-fixed av-minimum-height av-minimum-height-75  container_wrap fullsize'   data-av_minimum_height_pc='75'><div class='container av-section-cont-open' ><div class='template-page content  av-content-full alpha units'><div class='post-entry post-entry-type-page post-entry-4088'><div class='entry-content-wrapper clearfix'>\n\n<style type=\"text\/css\" data-created_by=\"avia_inline_auto\" id=\"style-css-av-5tho2g-d5af8755281cd577f1a9ef1525fec089\">\n.flex_column.av-5tho2g-d5af8755281cd577f1a9ef1525fec089{\npadding:0 20% 0 20%;\n}\n<\/style>\n<div class='flex_column av-5tho2g-d5af8755281cd577f1a9ef1525fec089 av_one_full  avia-builder-el-2  avia-builder-el-no-sibling  first flex_column_div'   ><style type=\"text\/css\" data-created_by=\"avia_inline_auto\" id=\"style-css-av-laarnbhr-01c644d04bcf4d99570b05773ee7b418\">\n#top .av_textblock_section.av-laarnbhr-01c644d04bcf4d99570b05773ee7b418 .avia_textblock{\ntext-align:center;\n}\n<\/style>\n<section  class='av_textblock_section av-laarnbhr-01c644d04bcf4d99570b05773ee7b418'  itemscope=\"itemscope\" itemtype=\"https:\/\/schema.org\/CreativeWork\" ><div class='avia_textblock'  itemprop=\"text\" ><h1>BOOK A SEPARATE SUITE<\/h1>\n<\/div><\/section><br \/>\n\n<style type=\"text\/css\" data-created_by=\"avia_inline_auto\" id=\"style-css-av-39f72w-4c2107d86349b4ffe8a9798f75bce4e4\">\n#top .hr.hr-invisible.av-39f72w-4c2107d86349b4ffe8a9798f75bce4e4{\nheight:50px;\n}\n<\/style>\n<div  class='hr av-39f72w-4c2107d86349b4ffe8a9798f75bce4e4 hr-invisible  avia-builder-el-4  el_after_av_textblock  el_before_av_codeblock'><span class='hr-inner'><span class=\"hr-inner-style\"><\/span><\/span><\/div><br \/>\n<\/p><\/div><\/div><\/div><\/div><!-- close content main div --><\/div><\/div><div id='av_section_2'  class='avia-section av-m3o9fozf-db73250653f24959898ead063f1b3eee main_color avia-section-small avia-no-border-styling  avia-builder-el-6  el_after_av_section  avia-builder-el-last  av-desktop-hide av-medium-hide avia-bg-style-fixed av-minimum-height av-minimum-height-75  container_wrap fullsize'   data-av_minimum_height_pc='75'><div class='container av-section-cont-open' ><div class='template-page content  av-content-full alpha units'><div class='post-entry post-entry-type-page post-entry-4088'><div class='entry-content-wrapper clearfix'><div class='flex_column av-av_one_full-a93934ecd89fbb8a9566d39e89cd3725 av_one_full  avia-builder-el-7  avia-builder-el-no-sibling  first flex_column_div'   ><style type=\"text\/css\" data-created_by=\"avia_inline_auto\" id=\"style-css-av-av_textblock-70cb12550abab772871f8e5438d9e8fb\">\n#top .av_textblock_section.av-av_textblock-70cb12550abab772871f8e5438d9e8fb .avia_textblock{\ntext-align:center;\n}\n<\/style>\n<section  class='av_textblock_section av-av_textblock-70cb12550abab772871f8e5438d9e8fb'  itemscope=\"itemscope\" itemtype=\"https:\/\/schema.org\/CreativeWork\" ><div class='avia_textblock'  itemprop=\"text\" ><h1>BOOK A SEPARATE SUITE<\/h1>\n<\/div><\/section><br \/>\n\n<style type=\"text\/css\" data-created_by=\"avia_inline_auto\" id=\"style-css-av-av_hr-3a876428eececa9d35452247ddb053af\">\n#top .hr.hr-invisible.av-av_hr-3a876428eececa9d35452247ddb053af{\nheight:50px;\n}\n<\/style>\n<div  class='hr av-av_hr-3a876428eececa9d35452247ddb053af hr-invisible  avia-builder-el-9  el_after_av_textblock  el_before_av_codeblock'><span class='hr-inner'><span class=\"hr-inner-style\"><\/span><\/span><\/div><br \/>\n<\/p><\/div><\/p>","protected":false},"excerpt":{"rendered":"","protected":false},"author":1,"featured_media":0,"parent":0,"menu_order":0,"comment_status":"closed","ping_status":"closed","template":"","meta":{"footnotes":""},"class_list":["post-4088","page","type-page","status-publish","hentry"],"yoast_head":"<!-- This site is optimized with the Yoast SEO Premium plugin v27.1 (Yoast SEO v27.4) - https:\/\/yoast.com\/product\/yoast-seo-premium-wordpress\/ -->\n<title>Rezerv\u0103 Suit\u0103 Decomandat\u0103 - Casa Humor<\/title>\n<meta name=\"description\" content=\"Cazare Casa Humor, rezerva o suita decomandata\" \/>\n<meta name=\"robots\" content=\"index, follow, max-snippet:-1, max-image-preview:large, max-video-preview:-1\" \/>\n<link rel=\"canonical\" href=\"https:\/\/pensiuneacasahumor.ro\/en\/rezerva-suita-decomandata\/\" \/>\n<meta property=\"og:locale\" content=\"en_US\" \/>\n<meta property=\"og:type\" content=\"article\" \/>\n<meta property=\"og:title\" content=\"Rezerv\u0103 Suit\u0103 Decomandat\u0103\" \/>\n<meta property=\"og:description\" content=\"Cazare Casa Humor, rezerva o suita decomandata\" \/>\n<meta property=\"og:url\" content=\"https:\/\/pensiuneacasahumor.ro\/en\/rezerva-suita-decomandata\/\" \/>\n<meta property=\"og:site_name\" content=\"Casa Humor\" \/>\n<meta property=\"article:publisher\" content=\"https:\/\/www.facebook.com\/casahumor.ro\" \/>\n<meta property=\"article:modified_time\" content=\"2024-11-19T09:36:35+00:00\" \/>\n<meta name=\"twitter:card\" content=\"summary_large_image\" \/>\n<meta name=\"twitter:label1\" content=\"Est. reading time\" \/>\n\t<meta name=\"twitter:data1\" content=\"2 minutes\" \/>\n<script type=\"application\/ld+json\" class=\"yoast-schema-graph\">{\"@context\":\"https:\\\/\\\/schema.org\",\"@graph\":[{\"@type\":\"WebPage\",\"@id\":\"https:\\\/\\\/pensiuneacasahumor.ro\\\/rezerva-suita-decomandata\\\/\",\"url\":\"https:\\\/\\\/pensiuneacasahumor.ro\\\/rezerva-suita-decomandata\\\/\",\"name\":\"Rezerv\u0103 Suit\u0103 Decomandat\u0103 - Casa Humor\",\"isPartOf\":{\"@id\":\"https:\\\/\\\/pensiuneacasahumor.ro\\\/#website\"},\"datePublished\":\"2022-10-03T14:37:52+00:00\",\"dateModified\":\"2024-11-19T09:36:35+00:00\",\"description\":\"Cazare Casa Humor, rezerva o suita decomandata\",\"breadcrumb\":{\"@id\":\"https:\\\/\\\/pensiuneacasahumor.ro\\\/rezerva-suita-decomandata\\\/#breadcrumb\"},\"inLanguage\":\"en-US\",\"potentialAction\":[{\"@type\":\"ReadAction\",\"target\":[\"https:\\\/\\\/pensiuneacasahumor.ro\\\/rezerva-suita-decomandata\\\/\"]}]},{\"@type\":\"BreadcrumbList\",\"@id\":\"https:\\\/\\\/pensiuneacasahumor.ro\\\/rezerva-suita-decomandata\\\/#breadcrumb\",\"itemListElement\":[{\"@type\":\"ListItem\",\"position\":1,\"name\":\"Home\",\"item\":\"https:\\\/\\\/pensiuneacasahumor.ro\\\/\"},{\"@type\":\"ListItem\",\"position\":2,\"name\":\"Rezerv\u0103 Suit\u0103 Decomandat\u0103\"}]},{\"@type\":\"WebSite\",\"@id\":\"https:\\\/\\\/pensiuneacasahumor.ro\\\/#website\",\"url\":\"https:\\\/\\\/pensiuneacasahumor.ro\\\/\",\"name\":\"Casa Humor\",\"description\":\"Casa Ta \u00een Bucovina\",\"alternateName\":\"Casa Ta \u00een Bucovina\",\"potentialAction\":[{\"@type\":\"SearchAction\",\"target\":{\"@type\":\"EntryPoint\",\"urlTemplate\":\"https:\\\/\\\/pensiuneacasahumor.ro\\\/?s={search_term_string}\"},\"query-input\":{\"@type\":\"PropertyValueSpecification\",\"valueRequired\":true,\"valueName\":\"search_term_string\"}}],\"inLanguage\":\"en-US\"}]}<\/script>\n<!-- \/ Yoast SEO Premium plugin. -->","yoast_head_json":{"title":"Rezerv\u0103 Suit\u0103 Decomandat\u0103 - Casa Humor","description":"Cazare Casa Humor, rezerva o suita decomandata","robots":{"index":"index","follow":"follow","max-snippet":"max-snippet:-1","max-image-preview":"max-image-preview:large","max-video-preview":"max-video-preview:-1"},"canonical":"https:\/\/pensiuneacasahumor.ro\/en\/rezerva-suita-decomandata\/","og_locale":"en_US","og_type":"article","og_title":"Rezerv\u0103 Suit\u0103 Decomandat\u0103","og_description":"Cazare Casa Humor, rezerva o suita decomandata","og_url":"https:\/\/pensiuneacasahumor.ro\/en\/rezerva-suita-decomandata\/","og_site_name":"Casa Humor","article_publisher":"https:\/\/www.facebook.com\/casahumor.ro","article_modified_time":"2024-11-19T09:36:35+00:00","twitter_card":"summary_large_image","twitter_misc":{"Est. reading time":"2 minutes"},"schema":{"@context":"https:\/\/schema.org","@graph":[{"@type":"WebPage","@id":"https:\/\/pensiuneacasahumor.ro\/rezerva-suita-decomandata\/","url":"https:\/\/pensiuneacasahumor.ro\/rezerva-suita-decomandata\/","name":"Rezerv\u0103 Suit\u0103 Decomandat\u0103 - Casa Humor","isPartOf":{"@id":"https:\/\/pensiuneacasahumor.ro\/#website"},"datePublished":"2022-10-03T14:37:52+00:00","dateModified":"2024-11-19T09:36:35+00:00","description":"Cazare Casa Humor, rezerva o suita decomandata","breadcrumb":{"@id":"https:\/\/pensiuneacasahumor.ro\/rezerva-suita-decomandata\/#breadcrumb"},"inLanguage":"en-US","potentialAction":[{"@type":"ReadAction","target":["https:\/\/pensiuneacasahumor.ro\/rezerva-suita-decomandata\/"]}]},{"@type":"BreadcrumbList","@id":"https:\/\/pensiuneacasahumor.ro\/rezerva-suita-decomandata\/#breadcrumb","itemListElement":[{"@type":"ListItem","position":1,"name":"Home","item":"https:\/\/pensiuneacasahumor.ro\/"},{"@type":"ListItem","position":2,"name":"Rezerv\u0103 Suit\u0103 Decomandat\u0103"}]},{"@type":"WebSite","@id":"https:\/\/pensiuneacasahumor.ro\/#website","url":"https:\/\/pensiuneacasahumor.ro\/","name":"Casa Humor","description":"Your Home in Bucovina","alternateName":"Casa Ta \u00een Bucovina","potentialAction":[{"@type":"SearchAction","target":{"@type":"EntryPoint","urlTemplate":"https:\/\/pensiuneacasahumor.ro\/?s={search_term_string}"},"query-input":{"@type":"PropertyValueSpecification","valueRequired":true,"valueName":"search_term_string"}}],"inLanguage":"en-US"}]}},"_links":{"self":[{"href":"https:\/\/pensiuneacasahumor.ro\/en\/wp-json\/wp\/v2\/pages\/4088","targetHints":{"allow":["GET"]}}],"collection":[{"href":"https:\/\/pensiuneacasahumor.ro\/en\/wp-json\/wp\/v2\/pages"}],"about":[{"href":"https:\/\/pensiuneacasahumor.ro\/en\/wp-json\/wp\/v2\/types\/page"}],"author":[{"embeddable":true,"href":"https:\/\/pensiuneacasahumor.ro\/en\/wp-json\/wp\/v2\/users\/1"}],"replies":[{"embeddable":true,"href":"https:\/\/pensiuneacasahumor.ro\/en\/wp-json\/wp\/v2\/comments?post=4088"}],"version-history":[{"count":9,"href":"https:\/\/pensiuneacasahumor.ro\/en\/wp-json\/wp\/v2\/pages\/4088\/revisions"}],"predecessor-version":[{"id":9033,"href":"https:\/\/pensiuneacasahumor.ro\/en\/wp-json\/wp\/v2\/pages\/4088\/revisions\/9033"}],"wp:attachment":[{"href":"https:\/\/pensiuneacasahumor.ro\/en\/wp-json\/wp\/v2\/media?parent=4088"}],"curies":[{"name":"wp","href":"https:\/\/api.w.org\/{rel}","templated":true}]}}