{"id":4082,"date":"2022-10-03T14:36:11","date_gmt":"2022-10-03T14:36:11","guid":{"rendered":"https:\/\/pensiuneacasahumor.ro\/?page_id=4082"},"modified":"2024-11-19T09:34:07","modified_gmt":"2024-11-19T09:34:07","slug":"rezerva-camera-mansarda","status":"publish","type":"page","link":"https:\/\/pensiuneacasahumor.ro\/en\/rezerva-camera-mansarda\/","title":{"rendered":"Rezerv\u0103 Camer\u0103 Mansard\u0103"},"content":{"rendered":"<div id='fullscreen_slider_1'  class='avia-fullscreen-slider main_color   avia-builder-el-0  el_before_av_section  avia-builder-el-first   container_wrap fullsize'  ><div   data-size='extra_large'  data-lightbox_size='large'  data-animation='slide'  data-conditional_play=''  data-ids='5834'  data-video_counter='0'  data-autoplay='false'  data-bg_slider='true'  data-slide_height='100'  data-handle='av_fullscreen'  data-interval='5'  data-class=' '  data-el_id=''  data-css_id='fullscreen_slider_1'  data-scroll_down=''  data-control_layout='av-control-default'  data-custom_markup=''  data-perma_caption=''  data-autoplay_stopper=''  data-image_attachment=''  data-min_height='0px'  data-lazy_loading='disabled'  data-stretch=''  data-img_scrset=''  data-default-height='100'  class='avia-slideshow avia-slideshow-1  av-control-default av-default-height-applied avia-slideshow-extra_large av_fullscreen   avia-slide-slider'  itemprop=\"image\" itemscope=\"itemscope\" itemtype=\"https:\/\/schema.org\/ImageObject\" ><ul class='avia-slideshow-inner' style='padding-bottom: 66.733333333333%;' ><li style='background-position:center center;' data-img-url='https:\/\/pensiuneacasahumor.ro\/wp-content\/uploads\/2022\/11\/D72_2331-HDR-1536x1025-1-1500x1001.jpg' class='av-single-slide slide-1' ><div data-rel='slideshow-1' class='avia-slide-wrap'   ><\/div><\/li><\/ul><\/div><\/div>\n<div id='av_section_1'  class='avia-section av-s63s2-2fba14f94f2ca15400ea13544e9f79e1 main_color avia-section-small avia-no-border-styling  avia-builder-el-1  el_after_av_fullscreen  el_before_av_section  av-small-hide av-mini-hide avia-bg-style-fixed av-minimum-height av-minimum-height-75  container_wrap fullsize'   data-av_minimum_height_pc='75'><div class='container av-section-cont-open' ><div class='template-page content  av-content-full alpha units'><div class='post-entry post-entry-type-page post-entry-4082'><div class='entry-content-wrapper clearfix'>\n\n<style type=\"text\/css\" data-created_by=\"avia_inline_auto\" id=\"style-css-av-6l0r2q-f1e6109a3e811806889186105edd5533\">\n.flex_column.av-6l0r2q-f1e6109a3e811806889186105edd5533{\npadding:0 20% 0 20%;\n}\n<\/style>\n<div class='flex_column av-6l0r2q-f1e6109a3e811806889186105edd5533 av_one_full  avia-builder-el-2  avia-builder-el-no-sibling  first flex_column_div'   ><p>\n<style type=\"text\/css\" data-created_by=\"avia_inline_auto\" id=\"style-css-av-3pnh0y-f113b1335a5960fdabdde2dddb97d160\">\n#top .hr.hr-invisible.av-3pnh0y-f113b1335a5960fdabdde2dddb97d160{\nheight:50px;\n}\n<\/style>\n<div  class='hr av-3pnh0y-f113b1335a5960fdabdde2dddb97d160 hr-invisible  avia-builder-el-3  el_before_av_textblock  avia-builder-el-first'><span class='hr-inner'><span class=\"hr-inner-style\"><\/span><\/span><\/div><br \/>\n\n<style type=\"text\/css\" data-created_by=\"avia_inline_auto\" id=\"style-css-av-laarkdzu-9a05bf7b05189268ff4102bbadb037c2\">\n#top .av_textblock_section.av-laarkdzu-9a05bf7b05189268ff4102bbadb037c2 .avia_textblock{\ntext-align:center;\n}\n<\/style>\n<section  class='av_textblock_section av-laarkdzu-9a05bf7b05189268ff4102bbadb037c2'  itemscope=\"itemscope\" itemtype=\"https:\/\/schema.org\/CreativeWork\" ><div class='avia_textblock'  itemprop=\"text\" ><h1>BOOK AN ATTIC ROOM<\/h1>\n<\/div><\/section><br \/>\n\n<style type=\"text\/css\" data-created_by=\"avia_inline_auto\" id=\"style-css-av-1yb5z6-8a42f52866da69606f4f12a5dc0945be\">\n#top .hr.hr-invisible.av-1yb5z6-8a42f52866da69606f4f12a5dc0945be{\nheight:50px;\n}\n<\/style>\n<div  class='hr av-1yb5z6-8a42f52866da69606f4f12a5dc0945be hr-invisible  avia-builder-el-5  el_after_av_textblock  el_before_av_codeblock'><span class='hr-inner'><span class=\"hr-inner-style\"><\/span><\/span><\/div><br \/>\n<\/p><\/div><\/div><\/div><\/div><!-- close content main div --><\/div><\/div><div id='av_section_2'  class='avia-section av-m3o987ph-3c32c2949c8bfe9930a3ddfe712c3c96 main_color avia-section-small avia-no-border-styling  avia-builder-el-7  el_after_av_section  avia-builder-el-last  av-desktop-hide av-medium-hide avia-bg-style-fixed av-minimum-height av-minimum-height-75  container_wrap fullsize'   data-av_minimum_height_pc='75'><div class='container av-section-cont-open' ><div class='template-page content  av-content-full alpha units'><div class='post-entry post-entry-type-page post-entry-4082'><div class='entry-content-wrapper clearfix'>\n<div class='flex_column av-9gve4i-9c3b2955e8a5853b7589c71b10a46aaf av_one_full  avia-builder-el-8  avia-builder-el-no-sibling  first flex_column_div'   ><p>\n<style type=\"text\/css\" data-created_by=\"avia_inline_auto\" id=\"style-css-av-7fdn7m-f0c237e57a27ec23fb02b534e4837ebb\">\n#top .hr.hr-invisible.av-7fdn7m-f0c237e57a27ec23fb02b534e4837ebb{\nheight:50px;\n}\n<\/style>\n<div  class='hr av-7fdn7m-f0c237e57a27ec23fb02b534e4837ebb hr-invisible  avia-builder-el-9  el_before_av_textblock  avia-builder-el-first'><span class='hr-inner'><span class=\"hr-inner-style\"><\/span><\/span><\/div><br \/>\n\n<style type=\"text\/css\" data-created_by=\"avia_inline_auto\" id=\"style-css-av-566jqa-d69e09d7b545590919e11623fe4527fc\">\n#top .av_textblock_section.av-566jqa-d69e09d7b545590919e11623fe4527fc .avia_textblock{\ntext-align:center;\n}\n<\/style>\n<section  class='av_textblock_section av-566jqa-d69e09d7b545590919e11623fe4527fc'  itemscope=\"itemscope\" itemtype=\"https:\/\/schema.org\/CreativeWork\" ><div class='avia_textblock'  itemprop=\"text\" ><h1>BOOK AN ATTIC ROOM<\/h1>\n<\/div><\/section><br \/>\n\n<style type=\"text\/css\" data-created_by=\"avia_inline_auto\" id=\"style-css-av-3pwote-f750778d302e86e525e3c9f19b6576ca\">\n#top .hr.hr-invisible.av-3pwote-f750778d302e86e525e3c9f19b6576ca{\nheight:50px;\n}\n<\/style>\n<div  class='hr av-3pwote-f750778d302e86e525e3c9f19b6576ca hr-invisible  avia-builder-el-11  el_after_av_textblock  el_before_av_codeblock'><span class='hr-inner'><span class=\"hr-inner-style\"><\/span><\/span><\/div><br \/>\n<\/p><\/div>\n<\/p>","protected":false},"excerpt":{"rendered":"","protected":false},"author":1,"featured_media":0,"parent":0,"menu_order":0,"comment_status":"closed","ping_status":"closed","template":"","meta":{"footnotes":""},"class_list":["post-4082","page","type-page","status-publish","hentry"],"yoast_head":"<!-- This site is optimized with the Yoast SEO Premium plugin v27.1 (Yoast SEO v27.4) - https:\/\/yoast.com\/product\/yoast-seo-premium-wordpress\/ -->\n<title>Rezerv\u0103 Camer\u0103 Mansard\u0103 - Casa Humor<\/title>\n<meta name=\"robots\" content=\"index, follow, max-snippet:-1, max-image-preview:large, max-video-preview:-1\" \/>\n<link rel=\"canonical\" href=\"https:\/\/pensiuneacasahumor.ro\/en\/rezerva-camera-mansarda\/\" \/>\n<meta property=\"og:locale\" content=\"en_US\" \/>\n<meta property=\"og:type\" content=\"article\" \/>\n<meta property=\"og:title\" content=\"Rezerv\u0103 Camer\u0103 Mansard\u0103\" \/>\n<meta property=\"og:url\" content=\"https:\/\/pensiuneacasahumor.ro\/en\/rezerva-camera-mansarda\/\" \/>\n<meta property=\"og:site_name\" content=\"Casa Humor\" \/>\n<meta property=\"article:publisher\" content=\"https:\/\/www.facebook.com\/casahumor.ro\" \/>\n<meta property=\"article:modified_time\" content=\"2024-11-19T09:34:07+00:00\" \/>\n<meta name=\"twitter:card\" content=\"summary_large_image\" \/>\n<meta name=\"twitter:label1\" content=\"Est. reading time\" \/>\n\t<meta name=\"twitter:data1\" content=\"3 minutes\" \/>\n<script type=\"application\/ld+json\" class=\"yoast-schema-graph\">{\"@context\":\"https:\\\/\\\/schema.org\",\"@graph\":[{\"@type\":\"WebPage\",\"@id\":\"https:\\\/\\\/pensiuneacasahumor.ro\\\/rezerva-camera-mansarda\\\/\",\"url\":\"https:\\\/\\\/pensiuneacasahumor.ro\\\/rezerva-camera-mansarda\\\/\",\"name\":\"Rezerv\u0103 Camer\u0103 Mansard\u0103 - Casa Humor\",\"isPartOf\":{\"@id\":\"https:\\\/\\\/pensiuneacasahumor.ro\\\/#website\"},\"datePublished\":\"2022-10-03T14:36:11+00:00\",\"dateModified\":\"2024-11-19T09:34:07+00:00\",\"breadcrumb\":{\"@id\":\"https:\\\/\\\/pensiuneacasahumor.ro\\\/rezerva-camera-mansarda\\\/#breadcrumb\"},\"inLanguage\":\"en-US\",\"potentialAction\":[{\"@type\":\"ReadAction\",\"target\":[\"https:\\\/\\\/pensiuneacasahumor.ro\\\/rezerva-camera-mansarda\\\/\"]}]},{\"@type\":\"BreadcrumbList\",\"@id\":\"https:\\\/\\\/pensiuneacasahumor.ro\\\/rezerva-camera-mansarda\\\/#breadcrumb\",\"itemListElement\":[{\"@type\":\"ListItem\",\"position\":1,\"name\":\"Home\",\"item\":\"https:\\\/\\\/pensiuneacasahumor.ro\\\/\"},{\"@type\":\"ListItem\",\"position\":2,\"name\":\"Rezerv\u0103 Camer\u0103 Mansard\u0103\"}]},{\"@type\":\"WebSite\",\"@id\":\"https:\\\/\\\/pensiuneacasahumor.ro\\\/#website\",\"url\":\"https:\\\/\\\/pensiuneacasahumor.ro\\\/\",\"name\":\"Casa Humor\",\"description\":\"Casa Ta \u00een Bucovina\",\"alternateName\":\"Casa Ta \u00een Bucovina\",\"potentialAction\":[{\"@type\":\"SearchAction\",\"target\":{\"@type\":\"EntryPoint\",\"urlTemplate\":\"https:\\\/\\\/pensiuneacasahumor.ro\\\/?s={search_term_string}\"},\"query-input\":{\"@type\":\"PropertyValueSpecification\",\"valueRequired\":true,\"valueName\":\"search_term_string\"}}],\"inLanguage\":\"en-US\"}]}<\/script>\n<!-- \/ Yoast SEO Premium plugin. -->","yoast_head_json":{"title":"Rezerv\u0103 Camer\u0103 Mansard\u0103 - Casa Humor","robots":{"index":"index","follow":"follow","max-snippet":"max-snippet:-1","max-image-preview":"max-image-preview:large","max-video-preview":"max-video-preview:-1"},"canonical":"https:\/\/pensiuneacasahumor.ro\/en\/rezerva-camera-mansarda\/","og_locale":"en_US","og_type":"article","og_title":"Rezerv\u0103 Camer\u0103 Mansard\u0103","og_url":"https:\/\/pensiuneacasahumor.ro\/en\/rezerva-camera-mansarda\/","og_site_name":"Casa Humor","article_publisher":"https:\/\/www.facebook.com\/casahumor.ro","article_modified_time":"2024-11-19T09:34:07+00:00","twitter_card":"summary_large_image","twitter_misc":{"Est. reading time":"3 minutes"},"schema":{"@context":"https:\/\/schema.org","@graph":[{"@type":"WebPage","@id":"https:\/\/pensiuneacasahumor.ro\/rezerva-camera-mansarda\/","url":"https:\/\/pensiuneacasahumor.ro\/rezerva-camera-mansarda\/","name":"Rezerv\u0103 Camer\u0103 Mansard\u0103 - Casa Humor","isPartOf":{"@id":"https:\/\/pensiuneacasahumor.ro\/#website"},"datePublished":"2022-10-03T14:36:11+00:00","dateModified":"2024-11-19T09:34:07+00:00","breadcrumb":{"@id":"https:\/\/pensiuneacasahumor.ro\/rezerva-camera-mansarda\/#breadcrumb"},"inLanguage":"en-US","potentialAction":[{"@type":"ReadAction","target":["https:\/\/pensiuneacasahumor.ro\/rezerva-camera-mansarda\/"]}]},{"@type":"BreadcrumbList","@id":"https:\/\/pensiuneacasahumor.ro\/rezerva-camera-mansarda\/#breadcrumb","itemListElement":[{"@type":"ListItem","position":1,"name":"Home","item":"https:\/\/pensiuneacasahumor.ro\/"},{"@type":"ListItem","position":2,"name":"Rezerv\u0103 Camer\u0103 Mansard\u0103"}]},{"@type":"WebSite","@id":"https:\/\/pensiuneacasahumor.ro\/#website","url":"https:\/\/pensiuneacasahumor.ro\/","name":"Casa Humor","description":"Your Home in Bucovina","alternateName":"Casa Ta \u00een Bucovina","potentialAction":[{"@type":"SearchAction","target":{"@type":"EntryPoint","urlTemplate":"https:\/\/pensiuneacasahumor.ro\/?s={search_term_string}"},"query-input":{"@type":"PropertyValueSpecification","valueRequired":true,"valueName":"search_term_string"}}],"inLanguage":"en-US"}]}},"_links":{"self":[{"href":"https:\/\/pensiuneacasahumor.ro\/en\/wp-json\/wp\/v2\/pages\/4082","targetHints":{"allow":["GET"]}}],"collection":[{"href":"https:\/\/pensiuneacasahumor.ro\/en\/wp-json\/wp\/v2\/pages"}],"about":[{"href":"https:\/\/pensiuneacasahumor.ro\/en\/wp-json\/wp\/v2\/types\/page"}],"author":[{"embeddable":true,"href":"https:\/\/pensiuneacasahumor.ro\/en\/wp-json\/wp\/v2\/users\/1"}],"replies":[{"embeddable":true,"href":"https:\/\/pensiuneacasahumor.ro\/en\/wp-json\/wp\/v2\/comments?post=4082"}],"version-history":[{"count":9,"href":"https:\/\/pensiuneacasahumor.ro\/en\/wp-json\/wp\/v2\/pages\/4082\/revisions"}],"predecessor-version":[{"id":9031,"href":"https:\/\/pensiuneacasahumor.ro\/en\/wp-json\/wp\/v2\/pages\/4082\/revisions\/9031"}],"wp:attachment":[{"href":"https:\/\/pensiuneacasahumor.ro\/en\/wp-json\/wp\/v2\/media?parent=4082"}],"curies":[{"name":"wp","href":"https:\/\/api.w.org\/{rel}","templated":true}]}}